{"id":1129,"date":"2025-09-10T14:29:00","date_gmt":"2025-09-10T12:29:00","guid":{"rendered":"https:\/\/gymloisirs-plabennec.fr\/?page_id=1129"},"modified":"2025-09-10T14:34:52","modified_gmt":"2025-09-10T12:34:52","slug":"saison-2024-2025","status":"publish","type":"page","link":"https:\/\/gymloisirs-plabennec.fr\/index.php\/saison-2024-2025\/","title":{"rendered":"Saison 2025\/2026 (inscriptions)"},"content":{"rendered":"\n<p><\/p>\n\n\n\n<p>Vous avez \u00e9t\u00e9 nombreux(ses) \u00e0 venir vous inscrire et les cours ont maintenant commenc\u00e9s dans la bonne humeur.<\/p>\n\n\n\n<p>Nous continuons \u00e0 prendre les inscriptions tout au long de l\u2019ann\u00e9e, alors n\u2019h\u00e9sitez pas \u00e0 venir nous rejoindre. Le club Gym&#8217;loisirs propose des cours pour adultes, et \u00e9galement des cours pour les enfants de 3 ans 1\/2 \u00e0 14 ans.<\/p>\n\n\n\n<p>Pour vous inscrire, il suffit de t\u00e9l\u00e9charger la fiche de renseignement ci-dessous et la remettre \u00e0 l&#8217;animateur\/animatrice \u00e0 la fin du cours, ou \u00e0 un membre du bureau, accompagn\u00e9 du r\u00e8glement.<\/p>\n\n\n\n<p><\/p>\n\n\n\n<p>Vous trouverez, ci-dessous, le formulaire d&#8217;inscription que vous pouvez t\u00e9l\u00e9charger et compl\u00e9ter, ainsi que les prix des licences (les r\u00e8glements ne seront encaiss\u00e9s qu&#8217;\u00e0 partir d&#8217;octobre 2025) <\/p>\n\n\n\n<p>Fiche d&#8217;inscription : <a href=\"https:\/\/gymloisirs-plabennec.fr\/wp-content\/uploads\/2025\/06\/fiche-inscription-2025-2026.pdf\">https:\/\/gymloisirs-plabennec.fr\/wp-content\/uploads\/2025\/06\/fiche-inscription-2025-2026.pdf<\/a><\/p>\n\n\n\n<p>Tarif des licences : <a href=\"https:\/\/gymloisirs-plabennec.fr\/wp-content\/uploads\/2025\/08\/Tarifs-des-licences-2025-2026.pdf\">https:\/\/gymloisirs-plabennec.fr\/wp-content\/uploads\/2025\/08\/Tarifs-des-licences-2025-2026.pdf<\/a><\/p>\n\n\n\n<p><em>Le certificat m\u00e9dical n&#8217;est plus obligatoire pour les adultes.<\/em><\/p>\n\n\n\n<p id=\"block-6b010338-eb7d-42a2-8d11-869b496949bf\">Belle ann\u00e9e sportive \u00e0 toutes et \u00e0 tous<\/p>\n\n\n\n<figure class=\"wp-block-image\" id=\"block-9b087b52-434d-47bf-9bae-3c7d8251c336\"><img src=\"https:\/\/gymloisirs-plabennec.fr\/wp-content\/uploads\/2024\/07\/image-1.png\" alt=\"L\u2019attribut alt de cette image est vide, son nom de fichier est image-1.png.\"\/><\/figure>\n","protected":false},"excerpt":{"rendered":"<p>Vous avez \u00e9t\u00e9 nombreux(ses) \u00e0 venir vous inscrire et les cours ont maintenant commenc\u00e9s dans la bonne humeur. Nous continuons \u00e0 prendre les inscriptions tout au long de l\u2019ann\u00e9e, alors n\u2019h\u00e9sitez pas \u00e0 venir nous rejoindre. Le club Gym&#8217;loisirs propose des cours pour adultes, et \u00e9galement des cours pour les [&hellip;]<\/p>\n","protected":false},"author":3,"featured_media":0,"parent":0,"menu_order":0,"comment_status":"closed","ping_status":"closed","template":"","meta":[],"yoast_head":"<!-- This site is optimized with the Yoast SEO plugin v14.9 - https:\/\/yoast.com\/wordpress\/plugins\/seo\/ -->\n<title>Saison 2025\/2026 (inscriptions) - Bienvenue dans votre club Gymloisirs Plabennec<\/title>\n<meta name=\"robots\" content=\"index, follow, max-snippet:-1, max-image-preview:large, max-video-preview:-1\" \/>\n<link rel=\"canonical\" href=\"https:\/\/gymloisirs-plabennec.fr\/index.php\/saison-2024-2025\/\" \/>\n<meta property=\"og:locale\" content=\"fr_FR\" \/>\n<meta property=\"og:type\" content=\"article\" \/>\n<meta property=\"og:title\" content=\"Saison 2025\/2026 (inscriptions) - Bienvenue dans votre club Gymloisirs Plabennec\" \/>\n<meta property=\"og:description\" content=\"Vous avez \u00e9t\u00e9 nombreux(ses) \u00e0 venir vous inscrire et les cours ont maintenant commenc\u00e9s dans la bonne humeur. Nous continuons \u00e0 prendre les inscriptions tout au long de l\u2019ann\u00e9e, alors n\u2019h\u00e9sitez pas \u00e0 venir nous rejoindre. Le club Gym&#8217;loisirs propose des cours pour adultes, et \u00e9galement des cours pour les [&hellip;]\" \/>\n<meta property=\"og:url\" content=\"https:\/\/gymloisirs-plabennec.fr\/index.php\/saison-2024-2025\/\" \/>\n<meta property=\"og:site_name\" content=\"Bienvenue dans votre club Gymloisirs Plabennec\" \/>\n<meta property=\"article:modified_time\" content=\"2025-09-10T12:34:52+00:00\" \/>\n<meta property=\"og:image\" content=\"https:\/\/gymloisirs-plabennec.fr\/wp-content\/uploads\/2024\/07\/image-1.png\" \/>\n<meta name=\"twitter:card\" content=\"summary_large_image\" \/>\n<script type=\"application\/ld+json\" class=\"yoast-schema-graph\">{\"@context\":\"https:\/\/schema.org\",\"@graph\":[{\"@type\":\"Organization\",\"@id\":\"https:\/\/gymloisirs-plabennec.fr\/#organization\",\"name\":\"Gymloisirs Plabennec\",\"url\":\"https:\/\/gymloisirs-plabennec.fr\/\",\"sameAs\":[],\"logo\":{\"@type\":\"ImageObject\",\"@id\":\"https:\/\/gymloisirs-plabennec.fr\/#logo\",\"inLanguage\":\"fr-FR\",\"url\":\"\",\"caption\":\"Gymloisirs Plabennec\"},\"image\":{\"@id\":\"https:\/\/gymloisirs-plabennec.fr\/#logo\"}},{\"@type\":\"WebSite\",\"@id\":\"https:\/\/gymloisirs-plabennec.fr\/#website\",\"url\":\"https:\/\/gymloisirs-plabennec.fr\/\",\"name\":\"Bienvenue dans votre club Gymloisirs Plabennec\",\"description\":\"\",\"publisher\":{\"@id\":\"https:\/\/gymloisirs-plabennec.fr\/#organization\"},\"potentialAction\":[{\"@type\":\"SearchAction\",\"target\":\"https:\/\/gymloisirs-plabennec.fr\/?s={search_term_string}\",\"query-input\":\"required name=search_term_string\"}],\"inLanguage\":\"fr-FR\"},{\"@type\":\"ImageObject\",\"@id\":\"https:\/\/gymloisirs-plabennec.fr\/index.php\/saison-2024-2025\/#primaryimage\",\"inLanguage\":\"fr-FR\",\"url\":\"https:\/\/gymloisirs-plabennec.fr\/wp-content\/uploads\/2024\/07\/image-1.png\",\"width\":293,\"height\":270},{\"@type\":\"WebPage\",\"@id\":\"https:\/\/gymloisirs-plabennec.fr\/index.php\/saison-2024-2025\/#webpage\",\"url\":\"https:\/\/gymloisirs-plabennec.fr\/index.php\/saison-2024-2025\/\",\"name\":\"Saison 2025\/2026 (inscriptions) - Bienvenue dans votre club Gymloisirs Plabennec\",\"isPartOf\":{\"@id\":\"https:\/\/gymloisirs-plabennec.fr\/#website\"},\"primaryImageOfPage\":{\"@id\":\"https:\/\/gymloisirs-plabennec.fr\/index.php\/saison-2024-2025\/#primaryimage\"},\"datePublished\":\"2025-09-10T12:29:00+00:00\",\"dateModified\":\"2025-09-10T12:34:52+00:00\",\"inLanguage\":\"fr-FR\",\"potentialAction\":[{\"@type\":\"ReadAction\",\"target\":[\"https:\/\/gymloisirs-plabennec.fr\/index.php\/saison-2024-2025\/\"]}]}]}<\/script>\n<!-- \/ Yoast SEO plugin. -->","_links":{"self":[{"href":"https:\/\/gymloisirs-plabennec.fr\/index.php\/wp-json\/wp\/v2\/pages\/1129"}],"collection":[{"href":"https:\/\/gymloisirs-plabennec.fr\/index.php\/wp-json\/wp\/v2\/pages"}],"about":[{"href":"https:\/\/gymloisirs-plabennec.fr\/index.php\/wp-json\/wp\/v2\/types\/page"}],"author":[{"embeddable":true,"href":"https:\/\/gymloisirs-plabennec.fr\/index.php\/wp-json\/wp\/v2\/users\/3"}],"replies":[{"embeddable":true,"href":"https:\/\/gymloisirs-plabennec.fr\/index.php\/wp-json\/wp\/v2\/comments?post=1129"}],"version-history":[{"count":9,"href":"https:\/\/gymloisirs-plabennec.fr\/index.php\/wp-json\/wp\/v2\/pages\/1129\/revisions"}],"predecessor-version":[{"id":1372,"href":"https:\/\/gymloisirs-plabennec.fr\/index.php\/wp-json\/wp\/v2\/pages\/1129\/revisions\/1372"}],"wp:attachment":[{"href":"https:\/\/gymloisirs-plabennec.fr\/index.php\/wp-json\/wp\/v2\/media?parent=1129"}],"curies":[{"name":"wp","href":"https:\/\/api.w.org\/{rel}","templated":true}]}}