{"id":1291,"date":"2025-09-10T11:59:00","date_gmt":"2025-09-10T09:59:00","guid":{"rendered":"https:\/\/gymloisirs-plabennec.fr\/?page_id=1291"},"modified":"2025-09-10T17:02:42","modified_gmt":"2025-09-10T15:02:42","slug":"inscriptions-2025-2026","status":"publish","type":"page","link":"https:\/\/gymloisirs-plabennec.fr\/index.php\/inscriptions-2025-2026\/","title":{"rendered":"Plannings d&#8217;activit\u00e9s 2025-2026"},"content":{"rendered":"\n<p>Vous souhaitez faire du sport ? Nous vous proposons des cours vari\u00e9s pour tous niveaux, enfants et adultes : renforcement musculaire, pilates, cardio, step, stretching &#8230; tout cela en musique  \ud83c\udfb6 et avec du mat\u00e9riel vari\u00e9 (non fourni par le club). <\/p>\n\n\n\n<p>L&#8217;adh\u00e9sion \u00e0 l&#8217;association vous permet d&#8217;assister \u00e0 tous les cours. Vous pouvez consulter les programmes d&#8217;activit\u00e9s ci-dessous : <\/p>\n\n\n\n<ul><li>planning enfants : <a href=\"https:\/\/gymloisirs-plabennec.fr\/wp-content\/uploads\/2025\/06\/planning-enfants-25-26.pdf\">https:\/\/gymloisirs-plabennec.fr\/wp-content\/uploads\/2025\/06\/planning-enfants-25-26.pdf<\/a><\/li><\/ul>\n\n\n\n<ul><li>planning adultes : <a href=\"https:\/\/gymloisirs-plabennec.fr\/wp-content\/uploads\/2025\/06\/planning-adultes-25-26.pdf\">https:\/\/gymloisirs-plabennec.fr\/wp-content\/uploads\/2025\/06\/planning-adultes-25-26.pdf<\/a><\/li><\/ul>\n\n\n\n<ul><li>tarif des licences : <a href=\"https:\/\/gymloisirs-plabennec.fr\/wp-content\/uploads\/2025\/08\/Tarifs-des-licences-2025-2026.pdf\">https:\/\/gymloisirs-plabennec.fr\/wp-content\/uploads\/2025\/08\/Tarifs-des-licences-2025-2026.pdf<\/a><\/li><\/ul>\n\n\n\n<p>A tr\u00e8s vite dans nos salles <\/p>\n\n\n\n<p><em>Le certificat m\u00e9dical n&#8217;est plus obligatoire pour les adultes.<\/em><\/p>\n\n\n\n<p><\/p>\n","protected":false},"excerpt":{"rendered":"<p>Vous souhaitez faire du sport ? Nous vous proposons des cours vari\u00e9s pour tous niveaux, enfants et adultes : renforcement musculaire, pilates, cardio, step, stretching &#8230; tout cela en musique \ud83c\udfb6 et avec du mat\u00e9riel vari\u00e9 (non fourni par le club). L&#8217;adh\u00e9sion \u00e0 l&#8217;association vous permet d&#8217;assister \u00e0 tous les [&hellip;]<\/p>\n","protected":false},"author":3,"featured_media":0,"parent":0,"menu_order":0,"comment_status":"closed","ping_status":"closed","template":"","meta":[],"yoast_head":"<!-- This site is optimized with the Yoast SEO plugin v14.9 - https:\/\/yoast.com\/wordpress\/plugins\/seo\/ -->\n<title>Plannings d&#039;activit\u00e9s 2025-2026 - Bienvenue dans votre club Gymloisirs Plabennec<\/title>\n<meta name=\"robots\" content=\"index, follow, max-snippet:-1, max-image-preview:large, max-video-preview:-1\" \/>\n<link rel=\"canonical\" href=\"https:\/\/gymloisirs-plabennec.fr\/index.php\/inscriptions-2025-2026\/\" \/>\n<meta property=\"og:locale\" content=\"fr_FR\" \/>\n<meta property=\"og:type\" content=\"article\" \/>\n<meta property=\"og:title\" content=\"Plannings d&#039;activit\u00e9s 2025-2026 - Bienvenue dans votre club Gymloisirs Plabennec\" \/>\n<meta property=\"og:description\" content=\"Vous souhaitez faire du sport ? Nous vous proposons des cours vari\u00e9s pour tous niveaux, enfants et adultes : renforcement musculaire, pilates, cardio, step, stretching &#8230; tout cela en musique \ud83c\udfb6 et avec du mat\u00e9riel vari\u00e9 (non fourni par le club). L&#8217;adh\u00e9sion \u00e0 l&#8217;association vous permet d&#8217;assister \u00e0 tous les [&hellip;]\" \/>\n<meta property=\"og:url\" content=\"https:\/\/gymloisirs-plabennec.fr\/index.php\/inscriptions-2025-2026\/\" \/>\n<meta property=\"og:site_name\" content=\"Bienvenue dans votre club Gymloisirs Plabennec\" \/>\n<meta property=\"article:modified_time\" content=\"2025-09-10T15:02:42+00:00\" \/>\n<meta name=\"twitter:card\" content=\"summary_large_image\" \/>\n<script type=\"application\/ld+json\" class=\"yoast-schema-graph\">{\"@context\":\"https:\/\/schema.org\",\"@graph\":[{\"@type\":\"Organization\",\"@id\":\"https:\/\/gymloisirs-plabennec.fr\/#organization\",\"name\":\"Gymloisirs Plabennec\",\"url\":\"https:\/\/gymloisirs-plabennec.fr\/\",\"sameAs\":[],\"logo\":{\"@type\":\"ImageObject\",\"@id\":\"https:\/\/gymloisirs-plabennec.fr\/#logo\",\"inLanguage\":\"fr-FR\",\"url\":\"\",\"caption\":\"Gymloisirs Plabennec\"},\"image\":{\"@id\":\"https:\/\/gymloisirs-plabennec.fr\/#logo\"}},{\"@type\":\"WebSite\",\"@id\":\"https:\/\/gymloisirs-plabennec.fr\/#website\",\"url\":\"https:\/\/gymloisirs-plabennec.fr\/\",\"name\":\"Bienvenue dans votre club Gymloisirs Plabennec\",\"description\":\"\",\"publisher\":{\"@id\":\"https:\/\/gymloisirs-plabennec.fr\/#organization\"},\"potentialAction\":[{\"@type\":\"SearchAction\",\"target\":\"https:\/\/gymloisirs-plabennec.fr\/?s={search_term_string}\",\"query-input\":\"required name=search_term_string\"}],\"inLanguage\":\"fr-FR\"},{\"@type\":\"WebPage\",\"@id\":\"https:\/\/gymloisirs-plabennec.fr\/index.php\/inscriptions-2025-2026\/#webpage\",\"url\":\"https:\/\/gymloisirs-plabennec.fr\/index.php\/inscriptions-2025-2026\/\",\"name\":\"Plannings d'activit\\u00e9s 2025-2026 - Bienvenue dans votre club Gymloisirs Plabennec\",\"isPartOf\":{\"@id\":\"https:\/\/gymloisirs-plabennec.fr\/#website\"},\"datePublished\":\"2025-09-10T09:59:00+00:00\",\"dateModified\":\"2025-09-10T15:02:42+00:00\",\"inLanguage\":\"fr-FR\",\"potentialAction\":[{\"@type\":\"ReadAction\",\"target\":[\"https:\/\/gymloisirs-plabennec.fr\/index.php\/inscriptions-2025-2026\/\"]}]}]}<\/script>\n<!-- \/ Yoast SEO plugin. -->","_links":{"self":[{"href":"https:\/\/gymloisirs-plabennec.fr\/index.php\/wp-json\/wp\/v2\/pages\/1291"}],"collection":[{"href":"https:\/\/gymloisirs-plabennec.fr\/index.php\/wp-json\/wp\/v2\/pages"}],"about":[{"href":"https:\/\/gymloisirs-plabennec.fr\/index.php\/wp-json\/wp\/v2\/types\/page"}],"author":[{"embeddable":true,"href":"https:\/\/gymloisirs-plabennec.fr\/index.php\/wp-json\/wp\/v2\/users\/3"}],"replies":[{"embeddable":true,"href":"https:\/\/gymloisirs-plabennec.fr\/index.php\/wp-json\/wp\/v2\/comments?post=1291"}],"version-history":[{"count":7,"href":"https:\/\/gymloisirs-plabennec.fr\/index.php\/wp-json\/wp\/v2\/pages\/1291\/revisions"}],"predecessor-version":[{"id":1387,"href":"https:\/\/gymloisirs-plabennec.fr\/index.php\/wp-json\/wp\/v2\/pages\/1291\/revisions\/1387"}],"wp:attachment":[{"href":"https:\/\/gymloisirs-plabennec.fr\/index.php\/wp-json\/wp\/v2\/media?parent=1291"}],"curies":[{"name":"wp","href":"https:\/\/api.w.org\/{rel}","templated":true}]}}